{"id":11,"date":"2011-08-13T09:31:41","date_gmt":"2011-08-13T09:31:41","guid":{"rendered":"http:\/\/www.bernhard-henkelmann.de\/wordpress\/?page_id=11"},"modified":"2016-04-21T10:12:43","modified_gmt":"2016-04-21T08:12:43","slug":"leistungen","status":"publish","type":"page","link":"https:\/\/www.johannes-bucej.de\/?page_id=11","title":{"rendered":"Leistungen"},"content":{"rendered":"<ul>\n<li>Beitr\u00e4ge und Artikel f\u00fcr Zeitschriften, Magazine und Sammelwerke<\/li>\n<li>Konzeption und Realisation von B\u00fcchern und Zeitschriften<\/li>\n<li>Konzeption und Realisation von Kundenzeitschriften und Brosch\u00fcren<\/li>\n<li>Presse- und \u00d6ffentlichkeitsarbeit f\u00fcr Messen und kulinarische Events<\/li>\n<li>Vortragst\u00e4tigkeit und Lesungen<\/li>\n<li>Seminare zur Erwachsenenbildung<\/li>\n<li>Entwicklung und Begleitung von Projekten (national und international) zur Fort- und Weiterbildung<\/li>\n<\/ul>\n","protected":false},"excerpt":{"rendered":"<p>Beitr\u00e4ge und Artikel f\u00fcr Zeitschriften, Magazine und Sammelwerke Konzeption und Realisation von B\u00fcchern und Zeitschriften Konzeption und Realisation von Kundenzeitschriften und Brosch\u00fcren Presse- und \u00d6ffentlichkeitsarbeit f\u00fcr Messen und kulinarische Events Vortragst\u00e4tigkeit und<a class=\"moretag\" href=\"https:\/\/www.johannes-bucej.de\/?page_id=11\">Read More&#8230;<\/a><\/p>\n","protected":false},"author":3,"featured_media":0,"parent":0,"menu_order":0,"comment_status":"closed","ping_status":"open","template":"","meta":{"footnotes":""},"class_list":["post-11","page","type-page","status-publish","hentry"],"_links":{"self":[{"href":"https:\/\/www.johannes-bucej.de\/index.php?rest_route=\/wp\/v2\/pages\/11","targetHints":{"allow":["GET"]}}],"collection":[{"href":"https:\/\/www.johannes-bucej.de\/index.php?rest_route=\/wp\/v2\/pages"}],"about":[{"href":"https:\/\/www.johannes-bucej.de\/index.php?rest_route=\/wp\/v2\/types\/page"}],"author":[{"embeddable":true,"href":"https:\/\/www.johannes-bucej.de\/index.php?rest_route=\/wp\/v2\/users\/3"}],"replies":[{"embeddable":true,"href":"https:\/\/www.johannes-bucej.de\/index.php?rest_route=%2Fwp%2Fv2%2Fcomments&post=11"}],"version-history":[{"count":8,"href":"https:\/\/www.johannes-bucej.de\/index.php?rest_route=\/wp\/v2\/pages\/11\/revisions"}],"predecessor-version":[{"id":423,"href":"https:\/\/www.johannes-bucej.de\/index.php?rest_route=\/wp\/v2\/pages\/11\/revisions\/423"}],"wp:attachment":[{"href":"https:\/\/www.johannes-bucej.de\/index.php?rest_route=%2Fwp%2Fv2%2Fmedia&parent=11"}],"curies":[{"name":"wp","href":"https:\/\/api.w.org\/{rel}","templated":true}]}}